{"id":130,"date":"2021-02-23T13:53:54","date_gmt":"2021-02-23T18:53:54","guid":{"rendered":"http:\/\/roseinstitute.wpengine.com\/?post_type=product&#038;p=130"},"modified":"2023-01-20T15:34:04","modified_gmt":"2023-01-20T20:34:04","slug":"ms-59","status":"publish","type":"product","link":"https:\/\/roseinstitute.net\/fr\/produit\/ms-59\/","title":{"rendered":"MS #59"},"content":{"rendered":"<p>Miracle Spray<\/p>","protected":false},"excerpt":{"rendered":"<p>Miracle Spray<\/p>","protected":false},"featured_media":199,"template":"","meta":{"_et_pb_use_builder":"","_et_pb_old_content":"","_et_gb_content_width":""},"product_brand":[],"product_cat":[18],"product_tag":[],"class_list":{"0":"post-130","1":"product","2":"type-product","3":"status-publish","4":"has-post-thumbnail","6":"product_cat-miracle-sprays","8":"first","9":"instock","10":"taxable","11":"shipping-taxable","12":"purchasable","13":"product-type-variable"},"yoast_head":"<!-- This site is optimized with the Yoast SEO plugin v27.4 - https:\/\/yoast.com\/product\/yoast-seo-wordpress\/ -->\n<title>MS #59 - Rose Institute<\/title>\n<meta name=\"description\" content=\"Susan March, of Rose Institute, has assisted thousands of people of all ages to make rapid transformations in a wide variety of areas: personal blocks, issues of the past, maintenance of health, and the manifestation of goals and dreams.\" \/>\n<meta name=\"robots\" content=\"index, follow, max-snippet:-1, max-image-preview:large, max-video-preview:-1\" \/>\n<link rel=\"canonical\" href=\"https:\/\/roseinstitute.net\/fr\/produit\/ms-59\/\" \/>\n<meta property=\"og:locale\" content=\"fr_FR\" \/>\n<meta property=\"og:type\" content=\"article\" \/>\n<meta property=\"og:title\" content=\"MS #59 - Rose Institute\" \/>\n<meta property=\"og:description\" content=\"Susan March, of Rose Institute, has assisted thousands of people of all ages to make rapid transformations in a wide variety of areas: personal blocks, issues of the past, maintenance of health, and the manifestation of goals and dreams.\" \/>\n<meta property=\"og:url\" content=\"https:\/\/roseinstitute.net\/fr\/produit\/ms-59\/\" \/>\n<meta property=\"og:site_name\" content=\"Rose Institute\" \/>\n<meta property=\"article:modified_time\" content=\"2023-01-20T20:34:04+00:00\" \/>\n<meta property=\"og:image\" content=\"https:\/\/roseinstitute.net\/wp-content\/uploads\/2021\/03\/ms59-product.jpg\" \/>\n\t<meta property=\"og:image:width\" content=\"1500\" \/>\n\t<meta property=\"og:image:height\" content=\"1500\" \/>\n\t<meta property=\"og:image:type\" content=\"image\/jpeg\" \/>\n<meta name=\"twitter:card\" content=\"summary_large_image\" \/>\n<meta name=\"twitter:label1\" content=\"Dur\u00e9e de lecture estim\u00e9e\" \/>\n\t<meta name=\"twitter:data1\" content=\"1 minute\" \/>\n<script type=\"application\/ld+json\" class=\"yoast-schema-graph\">{\"@context\":\"https:\\\/\\\/schema.org\",\"@graph\":[{\"@type\":\"WebPage\",\"@id\":\"https:\\\/\\\/roseinstitute.net\\\/product\\\/ms-59\\\/\",\"url\":\"https:\\\/\\\/roseinstitute.net\\\/product\\\/ms-59\\\/\",\"name\":\"MS #59 - Rose Institute\",\"isPartOf\":{\"@id\":\"https:\\\/\\\/roseinstitute.net\\\/#website\"},\"primaryImageOfPage\":{\"@id\":\"https:\\\/\\\/roseinstitute.net\\\/product\\\/ms-59\\\/#primaryimage\"},\"image\":{\"@id\":\"https:\\\/\\\/roseinstitute.net\\\/product\\\/ms-59\\\/#primaryimage\"},\"thumbnailUrl\":\"https:\\\/\\\/roseinstitute.net\\\/wp-content\\\/uploads\\\/2021\\\/03\\\/ms59-product.jpg\",\"datePublished\":\"2021-02-23T18:53:54+00:00\",\"dateModified\":\"2023-01-20T20:34:04+00:00\",\"description\":\"Susan March, of Rose Institute, has assisted thousands of people of all ages to make rapid transformations in a wide variety of areas: personal blocks, issues of the past, maintenance of health, and the manifestation of goals and dreams.\",\"breadcrumb\":{\"@id\":\"https:\\\/\\\/roseinstitute.net\\\/product\\\/ms-59\\\/#breadcrumb\"},\"inLanguage\":\"fr-FR\",\"potentialAction\":[{\"@type\":\"ReadAction\",\"target\":[\"https:\\\/\\\/roseinstitute.net\\\/product\\\/ms-59\\\/\"]}]},{\"@type\":\"ImageObject\",\"inLanguage\":\"fr-FR\",\"@id\":\"https:\\\/\\\/roseinstitute.net\\\/product\\\/ms-59\\\/#primaryimage\",\"url\":\"https:\\\/\\\/roseinstitute.net\\\/wp-content\\\/uploads\\\/2021\\\/03\\\/ms59-product.jpg\",\"contentUrl\":\"https:\\\/\\\/roseinstitute.net\\\/wp-content\\\/uploads\\\/2021\\\/03\\\/ms59-product.jpg\",\"width\":1500,\"height\":1500},{\"@type\":\"BreadcrumbList\",\"@id\":\"https:\\\/\\\/roseinstitute.net\\\/product\\\/ms-59\\\/#breadcrumb\",\"itemListElement\":[{\"@type\":\"ListItem\",\"position\":1,\"name\":\"Home\",\"item\":\"https:\\\/\\\/roseinstitute.net\\\/\"},{\"@type\":\"ListItem\",\"position\":2,\"name\":\"Shop\",\"item\":\"https:\\\/\\\/roseinstitute.net\\\/shop\\\/\"},{\"@type\":\"ListItem\",\"position\":3,\"name\":\"MS #59\"}]},{\"@type\":\"WebSite\",\"@id\":\"https:\\\/\\\/roseinstitute.net\\\/#website\",\"url\":\"https:\\\/\\\/roseinstitute.net\\\/\",\"name\":\"Rose Institute\",\"description\":\"Rose Institute\",\"potentialAction\":[{\"@type\":\"SearchAction\",\"target\":{\"@type\":\"EntryPoint\",\"urlTemplate\":\"https:\\\/\\\/roseinstitute.net\\\/?s={search_term_string}\"},\"query-input\":{\"@type\":\"PropertyValueSpecification\",\"valueRequired\":true,\"valueName\":\"search_term_string\"}}],\"inLanguage\":\"fr-FR\"}]}<\/script>\n<!-- \/ Yoast SEO plugin. -->","yoast_head_json":{"title":"MS #59 - Rose Institute","description":"Susan March du Rose Institute a aid\u00e9 des milliers de personnes de tous \u00e2ges \u00e0 op\u00e9rer des transformations rapides dans une grande vari\u00e9t\u00e9 de domaines : blocages personnels, probl\u00e8mes du pass\u00e9, maintien de la sant\u00e9, et manifestation de ses objectifs et de ses r\u00eaves.","robots":{"index":"index","follow":"follow","max-snippet":"max-snippet:-1","max-image-preview":"max-image-preview:large","max-video-preview":"max-video-preview:-1"},"canonical":"https:\/\/roseinstitute.net\/fr\/produit\/ms-59\/","og_locale":"fr_FR","og_type":"article","og_title":"MS #59 - Rose Institute","og_description":"Susan March, of Rose Institute, has assisted thousands of people of all ages to make rapid transformations in a wide variety of areas: personal blocks, issues of the past, maintenance of health, and the manifestation of goals and dreams.","og_url":"https:\/\/roseinstitute.net\/fr\/produit\/ms-59\/","og_site_name":"Rose Institute","article_modified_time":"2023-01-20T20:34:04+00:00","og_image":[{"width":1500,"height":1500,"url":"https:\/\/roseinstitute.net\/wp-content\/uploads\/2021\/03\/ms59-product.jpg","type":"image\/jpeg"}],"twitter_card":"summary_large_image","twitter_misc":{"Dur\u00e9e de lecture estim\u00e9e":"1 minute"},"schema":{"@context":"https:\/\/schema.org","@graph":[{"@type":"WebPage","@id":"https:\/\/roseinstitute.net\/product\/ms-59\/","url":"https:\/\/roseinstitute.net\/product\/ms-59\/","name":"MS #59 - Rose Institute","isPartOf":{"@id":"https:\/\/roseinstitute.net\/#website"},"primaryImageOfPage":{"@id":"https:\/\/roseinstitute.net\/product\/ms-59\/#primaryimage"},"image":{"@id":"https:\/\/roseinstitute.net\/product\/ms-59\/#primaryimage"},"thumbnailUrl":"https:\/\/roseinstitute.net\/wp-content\/uploads\/2021\/03\/ms59-product.jpg","datePublished":"2021-02-23T18:53:54+00:00","dateModified":"2023-01-20T20:34:04+00:00","description":"Susan March du Rose Institute a aid\u00e9 des milliers de personnes de tous \u00e2ges \u00e0 op\u00e9rer des transformations rapides dans une grande vari\u00e9t\u00e9 de domaines : blocages personnels, probl\u00e8mes du pass\u00e9, maintien de la sant\u00e9, et manifestation de ses objectifs et de ses r\u00eaves.","breadcrumb":{"@id":"https:\/\/roseinstitute.net\/product\/ms-59\/#breadcrumb"},"inLanguage":"fr-FR","potentialAction":[{"@type":"ReadAction","target":["https:\/\/roseinstitute.net\/product\/ms-59\/"]}]},{"@type":"ImageObject","inLanguage":"fr-FR","@id":"https:\/\/roseinstitute.net\/product\/ms-59\/#primaryimage","url":"https:\/\/roseinstitute.net\/wp-content\/uploads\/2021\/03\/ms59-product.jpg","contentUrl":"https:\/\/roseinstitute.net\/wp-content\/uploads\/2021\/03\/ms59-product.jpg","width":1500,"height":1500},{"@type":"BreadcrumbList","@id":"https:\/\/roseinstitute.net\/product\/ms-59\/#breadcrumb","itemListElement":[{"@type":"ListItem","position":1,"name":"Home","item":"https:\/\/roseinstitute.net\/"},{"@type":"ListItem","position":2,"name":"Shop","item":"https:\/\/roseinstitute.net\/shop\/"},{"@type":"ListItem","position":3,"name":"MS #59"}]},{"@type":"WebSite","@id":"https:\/\/roseinstitute.net\/#website","url":"https:\/\/roseinstitute.net\/","name":"Rose Institute","description":"Rose Institute","potentialAction":[{"@type":"SearchAction","target":{"@type":"EntryPoint","urlTemplate":"https:\/\/roseinstitute.net\/?s={search_term_string}"},"query-input":{"@type":"PropertyValueSpecification","valueRequired":true,"valueName":"search_term_string"}}],"inLanguage":"fr-FR"}]}},"jetpack_sharing_enabled":true,"_links":{"self":[{"href":"https:\/\/roseinstitute.net\/fr\/wp-json\/wp\/v2\/product\/130","targetHints":{"allow":["GET"]}}],"collection":[{"href":"https:\/\/roseinstitute.net\/fr\/wp-json\/wp\/v2\/product"}],"about":[{"href":"https:\/\/roseinstitute.net\/fr\/wp-json\/wp\/v2\/types\/product"}],"wp:featuredmedia":[{"embeddable":true,"href":"https:\/\/roseinstitute.net\/fr\/wp-json\/wp\/v2\/media\/199"}],"wp:attachment":[{"href":"https:\/\/roseinstitute.net\/fr\/wp-json\/wp\/v2\/media?parent=130"}],"wp:term":[{"taxonomy":"product_brand","embeddable":true,"href":"https:\/\/roseinstitute.net\/fr\/wp-json\/wp\/v2\/product_brand?post=130"},{"taxonomy":"product_cat","embeddable":true,"href":"https:\/\/roseinstitute.net\/fr\/wp-json\/wp\/v2\/product_cat?post=130"},{"taxonomy":"product_tag","embeddable":true,"href":"https:\/\/roseinstitute.net\/fr\/wp-json\/wp\/v2\/product_tag?post=130"}],"curies":[{"name":"wp","href":"https:\/\/api.w.org\/{rel}","templated":true}]}}